{"id":531,"date":"2022-11-01T14:36:45","date_gmt":"2022-11-01T14:36:45","guid":{"rendered":"https:\/\/relaunch2022.asvi.at\/?page_id=531"},"modified":"2026-03-08T10:55:42","modified_gmt":"2026-03-08T10:55:42","slug":"impressum","status":"publish","type":"page","link":"https:\/\/asvi.at\/index.php\/impressum\/","title":{"rendered":"Impressum"},"content":{"rendered":"\n<div class=\"wp-block-columns is-layout-flex wp-container-core-columns-layout-2 wp-block-columns-is-layout-flex\">\n<div class=\"wp-block-column is-layout-flow wp-block-column-is-layout-flow\" style=\"flex-basis:100%\">\n<div class=\"wp-block-columns is-layout-flex wp-container-core-columns-layout-1 wp-block-columns-is-layout-flex\">\n<div class=\"wp-block-column is-layout-flow wp-block-column-is-layout-flow\" style=\"flex-basis:100%\">\n<figure class=\"wp-block-table is-style-regular\"><table style=\"border-style:none;border-width:0px\"><tbody><tr><td class=\"has-text-align-right\" data-align=\"right\"><strong>Name<\/strong><\/td><td><em>ASV Inzing<\/em><\/td><\/tr><tr><td class=\"has-text-align-right\" data-align=\"right\"><strong>Stra\u00dfe<\/strong><\/td><td>Puite 8\/1<\/td><\/tr><tr><td class=\"has-text-align-right\" data-align=\"right\"><strong>Ort<\/strong><\/td><td>6402 Hatting<\/td><\/tr><tr><td class=\"has-text-align-right\" data-align=\"right\">&nbsp;<\/td><td>&nbsp;<\/td><\/tr><tr><td class=\"has-text-align-right\" data-align=\"right\"><\/td><td><\/td><\/tr><tr><td class=\"has-text-align-right\" data-align=\"right\"><strong>Email<\/strong><\/td><td>allgemein@asvi.at<\/td><\/tr><tr><td class=\"has-text-align-right\" data-align=\"right\">&nbsp;<\/td><td>&nbsp;<\/td><\/tr><tr><td class=\"has-text-align-right\" data-align=\"right\"><strong>Obfrau<\/strong><\/td><td>Birgit Neuner<\/td><\/tr><tr><td class=\"has-text-align-right\" data-align=\"right\"><strong>Schriftf\u00fchrerin<\/strong><\/td><td>Renate Walcher<\/td><\/tr><tr><td class=\"has-text-align-right\" data-align=\"right\"><strong>Kassierin<\/strong><\/td><td>Brigitte Gastl<\/td><\/tr><tr><td class=\"has-text-align-right\" data-align=\"right\">&nbsp;<\/td><td>&nbsp;<\/td><\/tr><tr><td class=\"has-text-align-right\" data-align=\"right\"><strong>Rechtsform<\/strong><\/td><td>gemeinn\u00fctziger Verein<\/td><\/tr><tr><td class=\"has-text-align-right\" data-align=\"right\"><strong>ZVR-Zahl<\/strong><\/td><td>389743046<\/td><\/tr><tr><td class=\"has-text-align-right\" data-align=\"right\"><strong>Vereinsbeh\u00f6rde<\/strong><\/td><td>Bezirkshauptmannschaft Innsbruck<\/td><\/tr><\/tbody><\/table><\/figure>\n<\/div>\n<\/div>\n<\/div>\n<\/div>\n\n\n\n<h2 class=\"wp-block-heading\">Vereinszweck\/T\u00e4tigkeitsbereich<\/h2>\n\n\n\n<p><em>z.B. Die T\u00e4tigkeiten des Vereins sind nicht auf Gewinn ausgerichtet und verfolgen gemeinn\u00fctzige Zwecke wie die umfassende F\u00f6rderung der Sozial-, Jugend-, Kultur- und Integrationsarbeit.<\/em><\/p>\n\n\n\n<h2 class=\"wp-block-heading\">Haftung f\u00fcr Inhalte<\/h2>\n\n\n\n<p>Die Inhalte unserer Seiten wurden mit gr\u00f6\u00dfter Sorgfalt erstellt. F\u00fcr die Richtigkeit, Vollst\u00e4ndigkeit und Aktualit\u00e4t der Inhalte k\u00f6nnen wir jedoch keine Gew\u00e4hr \u00fcbernehmen.<\/p>\n\n\n\n<h2 class=\"wp-block-heading\">Haftung f\u00fcr Links<\/h2>\n\n\n\n<p>Unser Angebot enth\u00e4lt Links zu Webseiten Dritter, auf deren Inhalte wir keinen Einfluss haben und deshalb keine Gew\u00e4hr daf\u00fcr \u00fcbernehmen k\u00f6nnen. F\u00fcr die Inhalte der verlinkten Seiten ist stets der jeweilige Anbieter oder Betreiber der Seiten verantwortlich.<\/p>\n\n\n\n<h2 class=\"wp-block-heading\">Urheberrecht<\/h2>\n\n\n\n<p>Die Inhalte der Seiten sind vom ASVI erstellt und unterliegen dem \u00f6sterreichischen Urheberrecht. Die Vervielf\u00e4ltigung, Bearbeitung, Verbreitung und jede Art der Verwertung au\u00dferhalb der Grenzen des Urheberrechtes bed\u00fcrfen der schriftlichen Zustimmung des Erstellers. Downloads und Kopien dieser Seite sind nur f\u00fcr den privaten, nicht kommerziellen Gebrauch gestattet.<\/p>\n\n\n\n<h2 class=\"wp-block-heading\">Bilder und Grafiken<\/h2>\n\n\n\n<p>ASVI<\/p>\n","protected":false},"excerpt":{"rendered":"<p>Name ASV Inzing Stra\u00dfe Puite 8\/1 Ort 6402 Hatting &nbsp; &nbsp; Email allgemein@asvi.at &nbsp; &nbsp; Obfrau Birgit Neuner Schriftf\u00fchrerin Renate Walcher Kassierin Brigitte Gastl &nbsp; &nbsp; Rechtsform gemeinn\u00fctziger Verein ZVR-Zahl 389743046 Vereinsbeh\u00f6rde Bezirkshauptmannschaft Innsbruck Vereinszweck\/T\u00e4tigkeitsbereich z.B. Die T\u00e4tigkeiten des Vereins sind nicht auf Gewinn ausgerichtet und verfolgen gemeinn\u00fctzige Zwecke wie die umfassende F\u00f6rderung der Sozial-,&hellip;&nbsp;<a href=\"https:\/\/asvi.at\/index.php\/impressum\/\" class=\"\" rel=\"bookmark\">Weiterlesen &raquo;<span class=\"screen-reader-text\">Impressum<\/span><\/a><\/p>\n","protected":false},"author":1,"featured_media":0,"parent":0,"menu_order":0,"comment_status":"closed","ping_status":"closed","template":"","meta":{"neve_meta_sidebar":"","neve_meta_container":"","neve_meta_enable_content_width":"","neve_meta_content_width":0,"neve_meta_title_alignment":"","neve_meta_author_avatar":"","neve_post_elements_order":"","neve_meta_disable_header":"","neve_meta_disable_footer":"","neve_meta_disable_title":"","footnotes":""},"featured_image_urls":{"full":"","thumbnail":"","medium":"","medium_large":"","large":"","1536x1536":"","2048x2048":"","neve-blog":""},"post_excerpt_stackable":"<p>NameASV InzingStra\u00dfePuite 8\/1Ort6402 Hatting&nbsp;&nbsp;Emailallgemein@asvi.at&nbsp;&nbsp;ObfrauBirgit NeunerSchriftf\u00fchrerinRenate WalcherKassierinBrigitte Gastl&nbsp;&nbsp;Rechtsformgemeinn\u00fctziger VereinZVR-Zahl389743046Vereinsbeh\u00f6rdeBezirkshauptmannschaft Innsbruck Vereinszweck\/T\u00e4tigkeitsbereich z.B. Die T\u00e4tigkeiten des Vereins sind nicht auf Gewinn ausgerichtet und verfolgen gemeinn\u00fctzige Zwecke wie die umfassende F\u00f6rderung der Sozial-, Jugend-, Kultur- und Integrationsarbeit. Haftung f\u00fcr Inhalte Die Inhalte unserer Seiten wurden mit gr\u00f6\u00dfter Sorgfalt erstellt. F\u00fcr die Richtigkeit, Vollst\u00e4ndigkeit und Aktualit\u00e4t der Inhalte k\u00f6nnen wir jedoch keine Gew\u00e4hr \u00fcbernehmen. Haftung f\u00fcr Links Unser Angebot enth\u00e4lt Links zu Webseiten Dritter, auf deren Inhalte wir keinen Einfluss haben und deshalb keine Gew\u00e4hr daf\u00fcr \u00fcbernehmen k\u00f6nnen. F\u00fcr die Inhalte der verlinkten Seiten ist stets der jeweilige Anbieter oder Betreiber der Seiten verantwortlich.&hellip;<\/p>\n","category_list":"","author_info":{"name":"admin","url":"https:\/\/asvi.at\/index.php\/author\/asvi-admin\/"},"comments_num":"0 comments","jetpack_sharing_enabled":true,"_links":{"self":[{"href":"https:\/\/asvi.at\/index.php\/wp-json\/wp\/v2\/pages\/531"}],"collection":[{"href":"https:\/\/asvi.at\/index.php\/wp-json\/wp\/v2\/pages"}],"about":[{"href":"https:\/\/asvi.at\/index.php\/wp-json\/wp\/v2\/types\/page"}],"author":[{"embeddable":true,"href":"https:\/\/asvi.at\/index.php\/wp-json\/wp\/v2\/users\/1"}],"replies":[{"embeddable":true,"href":"https:\/\/asvi.at\/index.php\/wp-json\/wp\/v2\/comments?post=531"}],"version-history":[{"count":3,"href":"https:\/\/asvi.at\/index.php\/wp-json\/wp\/v2\/pages\/531\/revisions"}],"predecessor-version":[{"id":1528,"href":"https:\/\/asvi.at\/index.php\/wp-json\/wp\/v2\/pages\/531\/revisions\/1528"}],"wp:attachment":[{"href":"https:\/\/asvi.at\/index.php\/wp-json\/wp\/v2\/media?parent=531"}],"curies":[{"name":"wp","href":"https:\/\/api.w.org\/{rel}","templated":true}]}}